{"id":2397,"date":"2018-12-04T14:36:47","date_gmt":"2018-12-04T19:36:47","guid":{"rendered":"https:\/\/emsb-aevs.com\/AST\/?page_id=2397"},"modified":"2022-03-29T08:55:14","modified_gmt":"2022-03-29T13:55:14","slug":"history","status":"publish","type":"page","link":"https:\/\/emsb-aevs.com\/AST\/history\/","title":{"rendered":"History of Qu\u00e9bec and Canada"},"content":{"rendered":"<section class=\"wpb-content-wrapper\"><p>[vc_row full_width=&#8221;stretch_row&#8221;][vc_column][vc_row_inner][vc_column_inner width=&#8221;1\/3&#8243;][vc_single_image image=&#8221;2443&#8243; img_size=&#8221;large&#8221;][\/vc_column_inner][vc_column_inner width=&#8221;2\/3&#8243;][vc_toggle title=&#8221;SECONDARY CYCLE 2 \u2013 DIVERSIFIED BASIC EDUCATION&#8221; style=&#8221;simple&#8221; size=&#8221;sm&#8221; open=&#8221;true&#8221; el_id=&#8221;1456105968243-25f47f92-ca64&#8243;][\/vc_toggle][\/vc_column_inner][\/vc_row_inner][\/vc_column][\/vc_row]<a href=\"https:\/\/emsb-aevs.com\/AST\/wp-content\/uploads\/2018\/12\/Program-Of-Study-History-Quebec-Canada-2018-EN.pdf\" class=\"mtli_attachment mtli_pdf\">Program Of Study History-Quebec-Canada-2018-EN<\/a><\/p>\n<p><a href=\"https:\/\/emsb-aevs.com\/AST\/wp-content\/uploads\/2018\/12\/HSG-4101-2-History-of-Qu\u00e9bec-and-Canada-Origins-to-1760.pdf\" class=\"mtli_attachment mtli_pdf\">HSG-4101-2 &#8211; History of Qu\u00e9bec and Canada Origins to 1760<\/a><\/p>\n<p><a href=\"https:\/\/emsb-aevs.com\/AST\/wp-content\/uploads\/2022\/03\/DED-HSG-4101-2_History-of-Quebec-and-Canada-Origins-to-1760.pdf\" class=\"mtli_attachment mtli_pdf\">DED-HSG-4101-2_History-of-Qu\u00e9bec-and-Canada-Origins-to-1760<\/a><\/p>\n<p><a href=\"https:\/\/emsb-aevs.com\/AST\/wp-content\/uploads\/2018\/12\/HSG-4102-2-History-of-Qu\u00e9bec-and-Canada-1760-1840.pdf\" class=\"mtli_attachment mtli_pdf\">HSG-4102-2 &#8211; History of Qu\u00e9bec and Canada 1760-1840<\/a><\/p>\n<p><a href=\"https:\/\/emsb-aevs.com\/AST\/wp-content\/uploads\/2022\/03\/DED-HSG-4102-2_History-of-Quebec-and-Canada-1760-1840.pdf\" class=\"mtli_attachment mtli_pdf\">DED-HSG-4102-2_History-of-Qu\u00e9bec-and-Canada-1760-1840<\/a><\/p>\n<p><a href=\"https:\/\/emsb-aevs.com\/AST\/wp-content\/uploads\/2018\/12\/HST-4103-2-History-of-Qu\u00e9bec-and-Canada-1840-to-1945.pdf\" class=\"mtli_attachment mtli_pdf\">HST-4103-2 &#8211; History of Qu\u00e9bec and Canada 1840 to 1945 <\/a><\/p>\n<p><a href=\"https:\/\/emsb-aevs.com\/AST\/wp-content\/uploads\/2022\/03\/DED-HST-4103-2_History-of-Quebec-and-Canada-1840-1945.pdf\" class=\"mtli_attachment mtli_pdf\">DED-HST-4103-2_History-of-Qu\u00e9bec-and-Canada-1840-1945<\/a><\/p>\n<p><a href=\"https:\/\/emsb-aevs.com\/AST\/wp-content\/uploads\/2018\/12\/HST-4104-2-History-of-Qu\u00e9bec-and-Canada-1945-to-Our-Times.pdf\" class=\"mtli_attachment mtli_pdf\">HST-4104-2 &#8211; History of Qu\u00e9bec and Canada 1945 to Our Times<\/a><\/p>\n<p><a href=\"https:\/\/emsb-aevs.com\/AST\/wp-content\/uploads\/2022\/03\/DED-HST-4104-2_History-of-Quebec-and-Canada-From-1945-to-Our-Times.pdf\" class=\"mtli_attachment mtli_pdf\">DED-HST-4104-2_History-of-Qu\u00e9bec-and-Canada-From-1945-to-Our-Times<\/a><\/p>\n<\/section>","protected":false},"excerpt":{"rendered":"<p>[vc_row full_width=&#8221;stretch_row&#8221;][vc_column][vc_row_inner][vc_column_inner width=&#8221;1\/3&#8243;][vc_single_image image=&#8221;2443&#8243; img_size=&#8221;large&#8221;][\/vc_column_inner][vc_column_inner width=&#8221;2\/3&#8243;][vc_toggle title=&#8221;SECONDARY CYCLE 2 \u2013 DIVERSIFIED BASIC EDUCATION&#8221; style=&#8221;simple&#8221; size=&#8221;sm&#8221; open=&#8221;true&#8221; el_id=&#8221;1456105968243-25f47f92-ca64&#8243;][\/vc_toggle][\/vc_column_inner][\/vc_row_inner][\/vc_column][\/vc_row]Program Of Study History-Quebec-Canada-2018-EN HSG-4101-2 &#8211; History of Qu\u00e9bec and Canada Origins to 1760 DED-HSG-4101-2_History-of-Qu\u00e9bec-and-Canada-Origins-to-1760 HSG-4102-2 &#8211; History of Qu\u00e9bec and Canada 1760-1840 DED-HSG-4102-2_History-of-Qu\u00e9bec-and-Canada-1760-1840 HST-4103-2 &#8211; History of Qu\u00e9bec and Canada 1840 to 1945 DED-HST-4103-2_History-of-Qu\u00e9bec-and-Canada-1840-1945 HST-4104-2 &#8211; History of Qu\u00e9bec and Canada 1945 to Our Times DED-HST-4104-2_History-of-Qu\u00e9bec-and-Canada-From-1945-to-Our-Times<\/p>\n","protected":false},"author":3,"featured_media":757,"parent":0,"menu_order":0,"comment_status":"closed","ping_status":"closed","template":"","meta":[],"_links":{"self":[{"href":"https:\/\/emsb-aevs.com\/AST\/wp-json\/wp\/v2\/pages\/2397"}],"collection":[{"href":"https:\/\/emsb-aevs.com\/AST\/wp-json\/wp\/v2\/pages"}],"about":[{"href":"https:\/\/emsb-aevs.com\/AST\/wp-json\/wp\/v2\/types\/page"}],"author":[{"embeddable":true,"href":"https:\/\/emsb-aevs.com\/AST\/wp-json\/wp\/v2\/users\/3"}],"replies":[{"embeddable":true,"href":"https:\/\/emsb-aevs.com\/AST\/wp-json\/wp\/v2\/comments?post=2397"}],"version-history":[{"count":9,"href":"https:\/\/emsb-aevs.com\/AST\/wp-json\/wp\/v2\/pages\/2397\/revisions"}],"predecessor-version":[{"id":3048,"href":"https:\/\/emsb-aevs.com\/AST\/wp-json\/wp\/v2\/pages\/2397\/revisions\/3048"}],"wp:featuredmedia":[{"embeddable":true,"href":"https:\/\/emsb-aevs.com\/AST\/wp-json\/wp\/v2\/media\/757"}],"wp:attachment":[{"href":"https:\/\/emsb-aevs.com\/AST\/wp-json\/wp\/v2\/media?parent=2397"}],"curies":[{"name":"wp","href":"https:\/\/api.w.org\/{rel}","templated":true}]}}